{"id":8,"date":"2018-08-22T19:50:17","date_gmt":"2018-08-22T17:50:17","guid":{"rendered":"http:\/\/localhost\/wp\/?page_id=8"},"modified":"2023-08-08T11:11:49","modified_gmt":"2023-08-08T09:11:49","slug":"accueil","status":"publish","type":"page","link":"https:\/\/csll_ludo.rpn.ch\/","title":{"rendered":""},"content":{"rendered":"\n<h2 class=\"has-text-align-center wp-block-heading\">Bienvenue sur le site officiel de la ludoth\u00e8que du Locle!<\/h2>\n\n\n<div>&nbsp;<\/div>\n<p style=\"text-align: center;\">La Ludoth\u00e8que du Locle vous accueille depuis 1981 pour la joie des petits et des grands de 0 \u00e0 99 ans.<\/p>\n<p style=\"text-align: center;\">Fonctionnant selon le principe des biblioth\u00e8ques, la ludoth\u00e8que offre aux enfants, familles, garderies, classes et enseignants la possibilit\u00e9 de disposer d&rsquo;un maximum de jeux et de jouets de qualit\u00e9.<\/p>\n<p style=\"text-align: center;\">Vous y trouverez plus de 2000 jeux et serez accueilli par une \u00e9quipe de ludoth\u00e9caires b\u00e9n\u00e9voles motiv\u00e9es et pr\u00eates \u00e0 vous conseiller si besoin.<\/p>\n\n\n","protected":false},"excerpt":{"rendered":"<p>Bienvenue sur le site officiel de la ludoth\u00e8que du Locle! &nbsp; La Ludoth\u00e8que du Locle vous accueille depuis 1981 pour la joie des petits et des grands de 0 \u00e0 99 ans. Fonctionnant selon le principe des biblioth\u00e8ques, la ludoth\u00e8que offre aux enfants, familles, garderies, classes et enseignants la possibilit\u00e9 de disposer d&rsquo;un maximum de [&hellip;]<\/p>\n","protected":false},"author":1,"featured_media":0,"parent":0,"menu_order":0,"comment_status":"closed","ping_status":"closed","template":"","meta":{"footnotes":""},"class_list":["post-8","page","type-page","status-publish","hentry"],"_links":{"self":[{"href":"https:\/\/csll_ludo.rpn.ch\/index.php?rest_route=\/wp\/v2\/pages\/8","targetHints":{"allow":["GET"]}}],"collection":[{"href":"https:\/\/csll_ludo.rpn.ch\/index.php?rest_route=\/wp\/v2\/pages"}],"about":[{"href":"https:\/\/csll_ludo.rpn.ch\/index.php?rest_route=\/wp\/v2\/types\/page"}],"author":[{"embeddable":true,"href":"https:\/\/csll_ludo.rpn.ch\/index.php?rest_route=\/wp\/v2\/users\/1"}],"replies":[{"embeddable":true,"href":"https:\/\/csll_ludo.rpn.ch\/index.php?rest_route=%2Fwp%2Fv2%2Fcomments&post=8"}],"version-history":[{"count":39,"href":"https:\/\/csll_ludo.rpn.ch\/index.php?rest_route=\/wp\/v2\/pages\/8\/revisions"}],"predecessor-version":[{"id":365,"href":"https:\/\/csll_ludo.rpn.ch\/index.php?rest_route=\/wp\/v2\/pages\/8\/revisions\/365"}],"wp:attachment":[{"href":"https:\/\/csll_ludo.rpn.ch\/index.php?rest_route=%2Fwp%2Fv2%2Fmedia&parent=8"}],"curies":[{"name":"wp","href":"https:\/\/api.w.org\/{rel}","templated":true}]}}